{"id":12,"date":"2014-04-09T19:21:46","date_gmt":"2014-04-09T19:21:46","guid":{"rendered":"http:\/\/www.spielplatztreff.net\/wordpress\/?page_id=12"},"modified":"2018-05-02T18:04:12","modified_gmt":"2018-05-02T18:04:12","slug":"wo-finde-ich-euch","status":"publish","type":"page","link":"http:\/\/www.spielplatztreff.net\/wordpress\/?page_id=12","title":{"rendered":"Wo findet ihr uns?"},"content":{"rendered":"<p><iframe loading=\"lazy\" src=\"https:\/\/mapsengine.google.com\/map\/embed?mid=zyWfeJ3mYkhk.kZCa0ls-f5ak\" width=\"640\" height=\"480\"><\/iframe><\/p>\n<p>Anfahrtsplan zum Gr\u00fcnberger Salon:<\/p>\n<div id=\"attachment_597\" style=\"width: 684px\" class=\"wp-caption aligncenter\"><a href=\"http:\/\/www.spielplatztreff.net\/wordpress\/wp-content\/uploads\/2017\/10\/anfahrt_salon.jpg\"><img loading=\"lazy\" decoding=\"async\" aria-describedby=\"caption-attachment-597\" class=\"wp-image-597 size-full\" src=\"http:\/\/www.spielplatztreff.net\/wordpress\/wp-content\/uploads\/2017\/10\/anfahrt_salon.jpg\" alt=\"\" width=\"674\" height=\"706\" srcset=\"http:\/\/www.spielplatztreff.net\/wordpress\/wp-content\/uploads\/2017\/10\/anfahrt_salon.jpg 674w, http:\/\/www.spielplatztreff.net\/wordpress\/wp-content\/uploads\/2017\/10\/anfahrt_salon-286x300.jpg 286w, http:\/\/www.spielplatztreff.net\/wordpress\/wp-content\/uploads\/2017\/10\/anfahrt_salon-619x648.jpg 619w\" sizes=\"(max-width: 674px) 100vw, 674px\" \/><\/a><p id=\"caption-attachment-597\" class=\"wp-caption-text\">Karte: http:\/\/www.openstreetmap.org\/<\/p><\/div>\n<p>Achtung! Aus Richtung Sch\u00f6nborn und teilweise auch aus Richtung Langebr\u00fcck ist bis Ende 2018 mit Umleitungen in Richtung Gr\u00fcnberg zu rechnen.<\/p>\n","protected":false},"excerpt":{"rendered":"<p>Anfahrtsplan zum Gr\u00fcnberger Salon: Achtung! Aus Richtung Sch\u00f6nborn und teilweise auch aus Richtung Langebr\u00fcck ist bis Ende 2018 mit Umleitungen in Richtung Gr\u00fcnberg zu rechnen.<\/p>\n","protected":false},"author":1,"featured_media":0,"parent":0,"menu_order":3,"comment_status":"closed","ping_status":"open","template":"","meta":{"footnotes":""},"_links":{"self":[{"href":"http:\/\/www.spielplatztreff.net\/wordpress\/index.php?rest_route=\/wp\/v2\/pages\/12"}],"collection":[{"href":"http:\/\/www.spielplatztreff.net\/wordpress\/index.php?rest_route=\/wp\/v2\/pages"}],"about":[{"href":"http:\/\/www.spielplatztreff.net\/wordpress\/index.php?rest_route=\/wp\/v2\/types\/page"}],"author":[{"embeddable":true,"href":"http:\/\/www.spielplatztreff.net\/wordpress\/index.php?rest_route=\/wp\/v2\/users\/1"}],"replies":[{"embeddable":true,"href":"http:\/\/www.spielplatztreff.net\/wordpress\/index.php?rest_route=%2Fwp%2Fv2%2Fcomments&post=12"}],"version-history":[{"count":6,"href":"http:\/\/www.spielplatztreff.net\/wordpress\/index.php?rest_route=\/wp\/v2\/pages\/12\/revisions"}],"predecessor-version":[{"id":607,"href":"http:\/\/www.spielplatztreff.net\/wordpress\/index.php?rest_route=\/wp\/v2\/pages\/12\/revisions\/607"}],"wp:attachment":[{"href":"http:\/\/www.spielplatztreff.net\/wordpress\/index.php?rest_route=%2Fwp%2Fv2%2Fmedia&parent=12"}],"curies":[{"name":"wp","href":"https:\/\/api.w.org\/{rel}","templated":true}]}}