{"id":21,"date":"2014-04-09T19:59:37","date_gmt":"2014-04-09T19:59:37","guid":{"rendered":"http:\/\/www.spielplatztreff.net\/wordpress\/?page_id=21"},"modified":"2018-05-02T18:04:12","modified_gmt":"2018-05-02T18:04:12","slug":"was-gibts-hier","status":"publish","type":"page","link":"http:\/\/www.spielplatztreff.net\/wordpress\/?page_id=21","title":{"rendered":"Was gibt&#8217;s hier?"},"content":{"rendered":"<p>Beim Spielplatztreff erwarten euch tolle Spiele, fetzige Lieder, spannende Geschichten, neue und alte Freunde und manches mehr! Wir treffen uns alle 2 oder 3 Wochen Mittwoch Nachmittag jeweils von 16.30- 18.00 Uhr auf dem Gr\u00fcnberger Spielplatz. Wann das genau ist, erfahrt ihr hier im <strong><a title=\"Termine\" href=\"http:\/\/www.spielplatztreff.net\/wordpress\/?page_id=34\" target=\"_blank\">Blog <\/a><\/strong>oder an den Aush\u00e4ngen in Gr\u00fcnberg. Bei schlechtem Wetter findet der Treff in der Wohnung von Marion &amp; Ronny Menzel (Lausaer Stra\u00dfe 6e &#8211; schr\u00e4g gegen\u00fcber dem Spielplatz) statt.<\/p>\n<p>Von November bis M\u00e4rz findet der &#8220;Spielplatztreff&#8221; monatlich im Gr\u00fcnberger Salon (Prof.-Nagel-Stra\u00dfe 8a) statt.<\/p>\n<p>Wir sehen uns!<\/p>\n","protected":false},"excerpt":{"rendered":"<p>Beim Spielplatztreff erwarten euch tolle Spiele, fetzige Lieder, spannende Geschichten, neue und alte Freunde und manches mehr! Wir treffen uns alle 2 oder 3 Wochen Mittwoch Nachmittag jeweils von 16.30- 18.00 Uhr auf dem Gr\u00fcnberger Spielplatz. Wann das genau ist, erfahrt ihr hier im Blog oder an den Aush\u00e4ngen in Gr\u00fcnberg. Bei schlechtem Wetter findet [&hellip;]<\/p>\n","protected":false},"author":1,"featured_media":0,"parent":0,"menu_order":1,"comment_status":"closed","ping_status":"open","template":"","meta":{"footnotes":""},"_links":{"self":[{"href":"http:\/\/www.spielplatztreff.net\/wordpress\/index.php?rest_route=\/wp\/v2\/pages\/21"}],"collection":[{"href":"http:\/\/www.spielplatztreff.net\/wordpress\/index.php?rest_route=\/wp\/v2\/pages"}],"about":[{"href":"http:\/\/www.spielplatztreff.net\/wordpress\/index.php?rest_route=\/wp\/v2\/types\/page"}],"author":[{"embeddable":true,"href":"http:\/\/www.spielplatztreff.net\/wordpress\/index.php?rest_route=\/wp\/v2\/users\/1"}],"replies":[{"embeddable":true,"href":"http:\/\/www.spielplatztreff.net\/wordpress\/index.php?rest_route=%2Fwp%2Fv2%2Fcomments&post=21"}],"version-history":[{"count":7,"href":"http:\/\/www.spielplatztreff.net\/wordpress\/index.php?rest_route=\/wp\/v2\/pages\/21\/revisions"}],"predecessor-version":[{"id":593,"href":"http:\/\/www.spielplatztreff.net\/wordpress\/index.php?rest_route=\/wp\/v2\/pages\/21\/revisions\/593"}],"wp:attachment":[{"href":"http:\/\/www.spielplatztreff.net\/wordpress\/index.php?rest_route=%2Fwp%2Fv2%2Fmedia&parent=21"}],"curies":[{"name":"wp","href":"https:\/\/api.w.org\/{rel}","templated":true}]}}